{"id":5577,"date":"2024-07-29T20:06:20","date_gmt":"2024-07-30T01:06:20","guid":{"rendered":"https:\/\/grupoalmatia.com\/producto\/sin%20categor\u00eda\/petg-copolimero-polietilen-tereftalato-glicol\/"},"modified":"2025-06-12T16:05:45","modified_gmt":"2025-06-12T21:05:45","slug":"petg-copolimero-polietilen-tereftalato-glicol","status":"publish","type":"product","link":"https:\/\/grupoalmatia.com\/es-ec\/producto\/sector-plasticos\/resinas-de-ingenieria\/petg-copolimero-polietilen-tereftalato-glicol\/","title":{"rendered":"PETG &#8211; Copol\u00edmero polietilen tereftalato &#8211; glicol en Ecuador"},"content":{"rendered":"","protected":false},"excerpt":{"rendered":"<p>La resina PETG copol\u00edmero con glicol (PETG) est\u00e1 desarrollada espec\u00edficamente para permitir dise\u00f1os en los empaques, con una apariencia similar al vidrio y una resistencia qu\u00edmica adicional contra el contenido. Este material es ideal para aplicaciones en cosm\u00e9ticos debido a su alta resistencia qu\u00edmica, transparencia y excelente resistencia al impacto.<\/p>\n<p>En Ecuador, vendemos PETG como una alternativa en muchas aplicaciones al policarbonato, acr\u00edlico PMMA, SAN y PVC, gracias a su versatilidad y propiedades superiores. Adem\u00e1s, la l\u00ednea YH Ecozen de PETG contiene componentes biobasados, lo que la convierte en una opci\u00f3n sostenible para el mercado ecuatoriano.<\/p>\n<p>Si necesitas comprar PETG en Ecuador, ofrecemos este material de alta calidad para diversas aplicaciones industriales, asegurando el mejor rendimiento y durabilidad en tus productos.<\/p>\n<p><a href=\"https:\/\/grupoalmatia.com\/es-ec\/empresas-ec\/sk-chemicals\/\"><img fetchpriority=\"high\" decoding=\"async\" class=\"size-medium wp-image-391 alignleft\" src=\"https:\/\/grupoalmatia.com\/wp-content\/uploads\/2024\/07\/logo-sk-chemicals-grupo-almatia-300x300.png\" alt=\"SK Chemicals Empresa Representada por Grupo Almatia\" width=\"300\" height=\"300\" srcset=\"https:\/\/grupoalmatia.com\/wp-content\/uploads\/2024\/07\/logo-sk-chemicals-grupo-almatia-300x300.png 300w, https:\/\/grupoalmatia.com\/wp-content\/uploads\/2024\/07\/logo-sk-chemicals-grupo-almatia-100x100.png 100w, https:\/\/grupoalmatia.com\/wp-content\/uploads\/2024\/07\/logo-sk-chemicals-grupo-almatia-150x150.png 150w, https:\/\/grupoalmatia.com\/wp-content\/uploads\/2024\/07\/logo-sk-chemicals-grupo-almatia.png 450w\" sizes=\"(max-width: 300px) 100vw, 300px\" \/><\/a><\/p>\n","protected":false},"featured_media":4804,"comment_status":"closed","ping_status":"closed","template":"","meta":{"site-sidebar-layout":"default","site-content-layout":"","ast-site-content-layout":"default","site-content-style":"default","site-sidebar-style":"default","ast-global-header-display":"","ast-banner-title-visibility":"","ast-main-header-display":"","ast-hfb-above-header-display":"","ast-hfb-below-header-display":"","ast-hfb-mobile-header-display":"","site-post-title":"","ast-breadcrumbs-content":"","ast-featured-img":"","footer-sml-layout":"","ast-disable-related-posts":"","theme-transparent-header-meta":"default","adv-header-id-meta":"","stick-header-meta":"","header-above-stick-meta":"","header-main-stick-meta":"","header-below-stick-meta":"","astra-migrate-meta-layouts":"set","ast-page-background-enabled":"default","ast-page-background-meta":{"desktop":{"background-color":"var(--ast-global-color-4)","background-image":"","background-repeat":"repeat","background-position":"center center","background-size":"auto","background-attachment":"scroll","background-type":"","background-media":"","overlay-type":"","overlay-color":"","overlay-opacity":"","overlay-gradient":""},"tablet":{"background-color":"","background-image":"","background-repeat":"repeat","background-position":"center center","background-size":"auto","background-attachment":"scroll","background-type":"","background-media":"","overlay-type":"","overlay-color":"","overlay-opacity":"","overlay-gradient":""},"mobile":{"background-color":"","background-image":"","background-repeat":"repeat","background-position":"center center","background-size":"auto","background-attachment":"scroll","background-type":"","background-media":"","overlay-type":"","overlay-color":"","overlay-opacity":"","overlay-gradient":""}},"ast-content-background-meta":{"desktop":{"background-color":"var(--ast-global-color-5)","background-image":"","background-repeat":"repeat","background-position":"center center","background-size":"auto","background-attachment":"scroll","background-type":"","background-media":"","overlay-type":"","overlay-color":"","overlay-opacity":"","overlay-gradient":""},"tablet":{"background-color":"var(--ast-global-color-5)","background-image":"","background-repeat":"repeat","background-position":"center center","background-size":"auto","background-attachment":"scroll","background-type":"","background-media":"","overlay-type":"","overlay-color":"","overlay-opacity":"","overlay-gradient":""},"mobile":{"background-color":"var(--ast-global-color-5)","background-image":"","background-repeat":"repeat","background-position":"center center","background-size":"auto","background-attachment":"scroll","background-type":"","background-media":"","overlay-type":"","overlay-color":"","overlay-opacity":"","overlay-gradient":""}},"_joinchat":[]},"product_brand":[],"product_cat":[97],"product_tag":[],"class_list":{"0":"post-5577","1":"product","2":"type-product","3":"status-publish","4":"has-post-thumbnail","6":"product_cat-resinas-de-ingenieria","7":"desktop-align-left","8":"tablet-align-left","9":"mobile-align-left","10":"ast-product-gallery-layout-horizontal-slider","11":"ast-product-gallery-with-no-image","12":"ast-product-tabs-layout-horizontal","14":"first","15":"instock","16":"shipping-taxable","17":"product-type-simple"},"_links":{"self":[{"href":"https:\/\/grupoalmatia.com\/es-ec\/wp-json\/wp\/v2\/product\/5577","targetHints":{"allow":["GET"]}}],"collection":[{"href":"https:\/\/grupoalmatia.com\/es-ec\/wp-json\/wp\/v2\/product"}],"about":[{"href":"https:\/\/grupoalmatia.com\/es-ec\/wp-json\/wp\/v2\/types\/product"}],"replies":[{"embeddable":true,"href":"https:\/\/grupoalmatia.com\/es-ec\/wp-json\/wp\/v2\/comments?post=5577"}],"version-history":[{"count":1,"href":"https:\/\/grupoalmatia.com\/es-ec\/wp-json\/wp\/v2\/product\/5577\/revisions"}],"predecessor-version":[{"id":5578,"href":"https:\/\/grupoalmatia.com\/es-ec\/wp-json\/wp\/v2\/product\/5577\/revisions\/5578"}],"wp:featuredmedia":[{"embeddable":true,"href":"https:\/\/grupoalmatia.com\/es-ec\/wp-json\/wp\/v2\/media\/4804"}],"wp:attachment":[{"href":"https:\/\/grupoalmatia.com\/es-ec\/wp-json\/wp\/v2\/media?parent=5577"}],"wp:term":[{"taxonomy":"product_brand","embeddable":true,"href":"https:\/\/grupoalmatia.com\/es-ec\/wp-json\/wp\/v2\/product_brand?post=5577"},{"taxonomy":"product_cat","embeddable":true,"href":"https:\/\/grupoalmatia.com\/es-ec\/wp-json\/wp\/v2\/product_cat?post=5577"},{"taxonomy":"product_tag","embeddable":true,"href":"https:\/\/grupoalmatia.com\/es-ec\/wp-json\/wp\/v2\/product_tag?post=5577"}],"curies":[{"name":"wp","href":"https:\/\/api.w.org\/{rel}","templated":true}]}}