{"id":5561,"date":"2024-07-29T20:06:40","date_gmt":"2024-07-30T01:06:40","guid":{"rendered":"https:\/\/grupoalmatia.com\/producto\/sin%20categor\u00eda\/polipropileno-copolimero-de-impacto-pp-ci\/"},"modified":"2025-06-12T15:48:41","modified_gmt":"2025-06-12T20:48:41","slug":"polipropileno-copolimero-de-impacto-pp-ci","status":"publish","type":"product","link":"https:\/\/grupoalmatia.com\/es-ec\/producto\/sector-plasticos\/resinas-convencionales\/polipropileno-copolimero-de-impacto-pp-ci\/","title":{"rendered":"Polipropileno copol\u00edmero de impacto (PP CI) en Ecuador"},"content":{"rendered":"","protected":false},"excerpt":{"rendered":"<p>El polipropileno copol\u00edmero de impacto (PP CI) ofrece mayor resistencia mec\u00e1nica en comparaci\u00f3n con el homopol\u00edmero PP H, lo que lo convierte en una excelente opci\u00f3n para aplicaciones que requieren una mayor durabilidad y resistencia a impactos. Este material es ideal para moldeo por inyecci\u00f3n, lo que lo hace perfecto para la fabricaci\u00f3n de productos pl\u00e1sticos que requieren una combinaci\u00f3n de resistencia y flexibilidad.<\/p>\n<p>En Ecuador, ofrecemos polipropileno copol\u00edmero de impacto (PP CI) para diversas aplicaciones industriales, incluyendo la producci\u00f3n de envases, componentes automotrices, piezas pl\u00e1sticas y otros productos que demandan alta resistencia mec\u00e1nica. Gracias a su capacidad de adaptarse a procesos de moldeo por inyecci\u00f3n, este material es ampliamente utilizado en industrias que requieren materiales duraderos y con un excelente desempe\u00f1o.<\/p>\n<p>Distribuimos polipropileno copol\u00edmero de impacto (PP CI) en Ecuador, ofreciendo productos de alta calidad para satisfacer las necesidades de tus aplicaciones industriales, asegurando entregas r\u00e1pidas y asesor\u00eda t\u00e9cnica especializada.<\/p>\n<p><a href=\"https:\/\/grupoalmatia.com\/es-ec\/empresas-ec\/sabic\/\"><img fetchpriority=\"high\" decoding=\"async\" class=\"alignnone size-medium wp-image-388\" src=\"https:\/\/grupoalmatia.com\/wp-content\/uploads\/2024\/07\/logo-sabic-grupo-almatia-300x300.png\" alt=\"Sabic empresa representada por Grupo Almatia\" width=\"300\" height=\"300\" srcset=\"https:\/\/grupoalmatia.com\/wp-content\/uploads\/2024\/07\/logo-sabic-grupo-almatia-300x300.png 300w, https:\/\/grupoalmatia.com\/wp-content\/uploads\/2024\/07\/logo-sabic-grupo-almatia-100x100.png 100w, https:\/\/grupoalmatia.com\/wp-content\/uploads\/2024\/07\/logo-sabic-grupo-almatia-150x150.png 150w, https:\/\/grupoalmatia.com\/wp-content\/uploads\/2024\/07\/logo-sabic-grupo-almatia.png 450w\" sizes=\"(max-width: 300px) 100vw, 300px\" \/><\/a><\/p>\n","protected":false},"featured_media":4827,"comment_status":"closed","ping_status":"closed","template":"","meta":{"site-sidebar-layout":"default","site-content-layout":"","ast-site-content-layout":"default","site-content-style":"default","site-sidebar-style":"default","ast-global-header-display":"","ast-banner-title-visibility":"","ast-main-header-display":"","ast-hfb-above-header-display":"","ast-hfb-below-header-display":"","ast-hfb-mobile-header-display":"","site-post-title":"","ast-breadcrumbs-content":"","ast-featured-img":"","footer-sml-layout":"","ast-disable-related-posts":"","theme-transparent-header-meta":"default","adv-header-id-meta":"","stick-header-meta":"","header-above-stick-meta":"","header-main-stick-meta":"","header-below-stick-meta":"","astra-migrate-meta-layouts":"set","ast-page-background-enabled":"default","ast-page-background-meta":{"desktop":{"background-color":"var(--ast-global-color-4)","background-image":"","background-repeat":"repeat","background-position":"center center","background-size":"auto","background-attachment":"scroll","background-type":"","background-media":"","overlay-type":"","overlay-color":"","overlay-opacity":"","overlay-gradient":""},"tablet":{"background-color":"","background-image":"","background-repeat":"repeat","background-position":"center center","background-size":"auto","background-attachment":"scroll","background-type":"","background-media":"","overlay-type":"","overlay-color":"","overlay-opacity":"","overlay-gradient":""},"mobile":{"background-color":"","background-image":"","background-repeat":"repeat","background-position":"center center","background-size":"auto","background-attachment":"scroll","background-type":"","background-media":"","overlay-type":"","overlay-color":"","overlay-opacity":"","overlay-gradient":""}},"ast-content-background-meta":{"desktop":{"background-color":"var(--ast-global-color-5)","background-image":"","background-repeat":"repeat","background-position":"center center","background-size":"auto","background-attachment":"scroll","background-type":"","background-media":"","overlay-type":"","overlay-color":"","overlay-opacity":"","overlay-gradient":""},"tablet":{"background-color":"var(--ast-global-color-5)","background-image":"","background-repeat":"repeat","background-position":"center center","background-size":"auto","background-attachment":"scroll","background-type":"","background-media":"","overlay-type":"","overlay-color":"","overlay-opacity":"","overlay-gradient":""},"mobile":{"background-color":"var(--ast-global-color-5)","background-image":"","background-repeat":"repeat","background-position":"center center","background-size":"auto","background-attachment":"scroll","background-type":"","background-media":"","overlay-type":"","overlay-color":"","overlay-opacity":"","overlay-gradient":""}},"_joinchat":[]},"product_brand":[],"product_cat":[96],"product_tag":[],"class_list":{"0":"post-5561","1":"product","2":"type-product","3":"status-publish","4":"has-post-thumbnail","6":"product_cat-resinas-convencionales","7":"desktop-align-left","8":"tablet-align-left","9":"mobile-align-left","10":"ast-product-gallery-layout-horizontal-slider","11":"ast-product-gallery-with-no-image","12":"ast-product-tabs-layout-horizontal","14":"first","15":"instock","16":"shipping-taxable","17":"product-type-simple"},"_links":{"self":[{"href":"https:\/\/grupoalmatia.com\/es-ec\/wp-json\/wp\/v2\/product\/5561","targetHints":{"allow":["GET"]}}],"collection":[{"href":"https:\/\/grupoalmatia.com\/es-ec\/wp-json\/wp\/v2\/product"}],"about":[{"href":"https:\/\/grupoalmatia.com\/es-ec\/wp-json\/wp\/v2\/types\/product"}],"replies":[{"embeddable":true,"href":"https:\/\/grupoalmatia.com\/es-ec\/wp-json\/wp\/v2\/comments?post=5561"}],"version-history":[{"count":3,"href":"https:\/\/grupoalmatia.com\/es-ec\/wp-json\/wp\/v2\/product\/5561\/revisions"}],"predecessor-version":[{"id":5564,"href":"https:\/\/grupoalmatia.com\/es-ec\/wp-json\/wp\/v2\/product\/5561\/revisions\/5564"}],"wp:featuredmedia":[{"embeddable":true,"href":"https:\/\/grupoalmatia.com\/es-ec\/wp-json\/wp\/v2\/media\/4827"}],"wp:attachment":[{"href":"https:\/\/grupoalmatia.com\/es-ec\/wp-json\/wp\/v2\/media?parent=5561"}],"wp:term":[{"taxonomy":"product_brand","embeddable":true,"href":"https:\/\/grupoalmatia.com\/es-ec\/wp-json\/wp\/v2\/product_brand?post=5561"},{"taxonomy":"product_cat","embeddable":true,"href":"https:\/\/grupoalmatia.com\/es-ec\/wp-json\/wp\/v2\/product_cat?post=5561"},{"taxonomy":"product_tag","embeddable":true,"href":"https:\/\/grupoalmatia.com\/es-ec\/wp-json\/wp\/v2\/product_tag?post=5561"}],"curies":[{"name":"wp","href":"https:\/\/api.w.org\/{rel}","templated":true}]}}