{"id":5534,"date":"2024-07-29T20:06:00","date_gmt":"2024-07-30T01:06:00","guid":{"rendered":"https:\/\/grupoalmatia.com\/producto\/sin%20categor\u00eda\/pla-ingeo-acido-polilactico\/"},"modified":"2025-06-12T13:37:23","modified_gmt":"2025-06-12T18:37:23","slug":"pla-ingeo-acido-polilactico","status":"publish","type":"product","link":"https:\/\/grupoalmatia.com\/es-ec\/producto\/sector-plasticos\/resinas-biodegradables-compostables\/pla-ingeo-acido-polilactico\/","title":{"rendered":"PLA Ingeo\u2122 \u2013 \u00e1cido polil\u00e1ctico"},"content":{"rendered":"","protected":false},"excerpt":{"rendered":"<p>El PLA Ingeo\u2122 es un biopl\u00e1stico de base biol\u00f3gica elaborado a partir de materias primas renovables y \u00e9ticas. Ofrece una alternativa con una menor huella de carbono en comparaci\u00f3n con los pl\u00e1sticos y fibras de origen petroqu\u00edmico, abriendo la puerta a nuevas aplicaciones sostenibles en Ecuador.<\/p>\n<p>El proceso para crear el PLA Ingeo\u2122 utiliza los gases de efecto invernadero para fabricar pl\u00e1sticos con propiedades \u00fanicas que permiten el cierre del ciclo a trav\u00e9s del compostaje industrial. Su fabricaci\u00f3n comienza con la captura de gases de efecto invernadero, donde las plantas transforman estos gases en az\u00facares fermentables. El carbono y otros elementos de estos az\u00facares se emplean en la producci\u00f3n de un biopol\u00edmero a trav\u00e9s de un proceso de fermentaci\u00f3n y separaci\u00f3n. La resina resultante se puede utilizar en procesos de extrusi\u00f3n, termoformado e inyecci\u00f3n.<\/p>\n<p>En Ecuador, PLA Ingeo\u2122 es una opci\u00f3n sostenible y de alto rendimiento para diversas aplicaciones industriales, promoviendo pr\u00e1cticas m\u00e1s amigables con el medio ambiente.<\/p>\n<p><a href=\"https:\/\/grupoalmatia.com\/es-ec\/empresas-ec\/natureworks\/\"><em><span style=\"color: #003366;\"><img fetchpriority=\"high\" decoding=\"async\" class=\"size-medium wp-image-382 alignleft\" src=\"https:\/\/grupoalmatia.com\/wp-content\/uploads\/2024\/07\/logo-natureworksgrupo-almatia-300x300.png\" alt=\"Nature Works empresa representada por Grupo Almatia\" width=\"300\" height=\"300\" srcset=\"https:\/\/grupoalmatia.com\/wp-content\/uploads\/2024\/07\/logo-natureworksgrupo-almatia-300x300.png 300w, https:\/\/grupoalmatia.com\/wp-content\/uploads\/2024\/07\/logo-natureworksgrupo-almatia-100x100.png 100w, https:\/\/grupoalmatia.com\/wp-content\/uploads\/2024\/07\/logo-natureworksgrupo-almatia-600x600.png 600w, https:\/\/grupoalmatia.com\/wp-content\/uploads\/2024\/07\/logo-natureworksgrupo-almatia-150x150.png 150w, https:\/\/grupoalmatia.com\/wp-content\/uploads\/2024\/07\/logo-natureworksgrupo-almatia-768x768.png 768w, https:\/\/grupoalmatia.com\/wp-content\/uploads\/2024\/07\/logo-natureworksgrupo-almatia.png 900w\" sizes=\"(max-width: 300px) 100vw, 300px\" \/><\/span><\/em><\/a><\/p>\n","protected":false},"featured_media":4803,"comment_status":"closed","ping_status":"closed","template":"","meta":{"site-sidebar-layout":"no-sidebar","site-content-layout":"","ast-site-content-layout":"full-width-container","site-content-style":"default","site-sidebar-style":"default","ast-global-header-display":"","ast-banner-title-visibility":"","ast-main-header-display":"","ast-hfb-above-header-display":"","ast-hfb-below-header-display":"","ast-hfb-mobile-header-display":"","site-post-title":"disabled","ast-breadcrumbs-content":"","ast-featured-img":"disabled","footer-sml-layout":"","ast-disable-related-posts":"","theme-transparent-header-meta":"default","adv-header-id-meta":"","stick-header-meta":"","header-above-stick-meta":"","header-main-stick-meta":"","header-below-stick-meta":"","astra-migrate-meta-layouts":"set","ast-page-background-enabled":"default","ast-page-background-meta":{"desktop":{"background-color":"var(--ast-global-color-4)","background-image":"","background-repeat":"repeat","background-position":"center center","background-size":"auto","background-attachment":"scroll","background-type":"","background-media":"","overlay-type":"","overlay-color":"","overlay-opacity":"","overlay-gradient":""},"tablet":{"background-color":"","background-image":"","background-repeat":"repeat","background-position":"center center","background-size":"auto","background-attachment":"scroll","background-type":"","background-media":"","overlay-type":"","overlay-color":"","overlay-opacity":"","overlay-gradient":""},"mobile":{"background-color":"","background-image":"","background-repeat":"repeat","background-position":"center center","background-size":"auto","background-attachment":"scroll","background-type":"","background-media":"","overlay-type":"","overlay-color":"","overlay-opacity":"","overlay-gradient":""}},"ast-content-background-meta":{"desktop":{"background-color":"var(--ast-global-color-5)","background-image":"","background-repeat":"repeat","background-position":"center center","background-size":"auto","background-attachment":"scroll","background-type":"","background-media":"","overlay-type":"","overlay-color":"","overlay-opacity":"","overlay-gradient":""},"tablet":{"background-color":"var(--ast-global-color-5)","background-image":"","background-repeat":"repeat","background-position":"center center","background-size":"auto","background-attachment":"scroll","background-type":"","background-media":"","overlay-type":"","overlay-color":"","overlay-opacity":"","overlay-gradient":""},"mobile":{"background-color":"var(--ast-global-color-5)","background-image":"","background-repeat":"repeat","background-position":"center center","background-size":"auto","background-attachment":"scroll","background-type":"","background-media":"","overlay-type":"","overlay-color":"","overlay-opacity":"","overlay-gradient":""}},"_joinchat":[]},"product_brand":[],"product_cat":[95],"product_tag":[],"class_list":{"0":"post-5534","1":"product","2":"type-product","3":"status-publish","4":"has-post-thumbnail","6":"product_cat-resinas-biodegradables-compostables","7":"desktop-align-left","8":"tablet-align-left","9":"mobile-align-left","10":"ast-product-gallery-layout-horizontal-slider","11":"ast-product-gallery-with-no-image","12":"ast-product-tabs-layout-horizontal","14":"first","15":"instock","16":"shipping-taxable","17":"product-type-simple"},"_links":{"self":[{"href":"https:\/\/grupoalmatia.com\/es-ec\/wp-json\/wp\/v2\/product\/5534","targetHints":{"allow":["GET"]}}],"collection":[{"href":"https:\/\/grupoalmatia.com\/es-ec\/wp-json\/wp\/v2\/product"}],"about":[{"href":"https:\/\/grupoalmatia.com\/es-ec\/wp-json\/wp\/v2\/types\/product"}],"replies":[{"embeddable":true,"href":"https:\/\/grupoalmatia.com\/es-ec\/wp-json\/wp\/v2\/comments?post=5534"}],"version-history":[{"count":2,"href":"https:\/\/grupoalmatia.com\/es-ec\/wp-json\/wp\/v2\/product\/5534\/revisions"}],"predecessor-version":[{"id":5536,"href":"https:\/\/grupoalmatia.com\/es-ec\/wp-json\/wp\/v2\/product\/5534\/revisions\/5536"}],"wp:featuredmedia":[{"embeddable":true,"href":"https:\/\/grupoalmatia.com\/es-ec\/wp-json\/wp\/v2\/media\/4803"}],"wp:attachment":[{"href":"https:\/\/grupoalmatia.com\/es-ec\/wp-json\/wp\/v2\/media?parent=5534"}],"wp:term":[{"taxonomy":"product_brand","embeddable":true,"href":"https:\/\/grupoalmatia.com\/es-ec\/wp-json\/wp\/v2\/product_brand?post=5534"},{"taxonomy":"product_cat","embeddable":true,"href":"https:\/\/grupoalmatia.com\/es-ec\/wp-json\/wp\/v2\/product_cat?post=5534"},{"taxonomy":"product_tag","embeddable":true,"href":"https:\/\/grupoalmatia.com\/es-ec\/wp-json\/wp\/v2\/product_tag?post=5534"}],"curies":[{"name":"wp","href":"https:\/\/api.w.org\/{rel}","templated":true}]}}