{"id":5522,"date":"2024-07-29T20:05:37","date_gmt":"2024-07-30T01:05:37","guid":{"rendered":"https:\/\/grupoalmatia.com\/producto\/sin%20categor\u00eda\/concentrados-fluorescentes-series-gloprill-fda-gpl-gpx-y-gpf\/"},"modified":"2025-06-12T13:22:33","modified_gmt":"2025-06-12T18:22:33","slug":"concentrados-fluorescentes-series-gloprill-fda-gpl-gpx-y-gpf","status":"publish","type":"product","link":"https:\/\/grupoalmatia.com\/es-ec\/producto\/sector-plasticos\/pigmentos\/concentrados-fluorescentes-series-gloprill-fda-gpl-gpx-y-gpf\/","title":{"rendered":"Concentrados fluorescentes series GloPrill\u2122 \u2013 FDA (GPL, GPX y GPF)"},"content":{"rendered":"","protected":false},"excerpt":{"rendered":"<p>Los GloPrill\u2122 fluorescentes son peque\u00f1as esferas de pigmento no vol\u00e1tiles, dise\u00f1adas para una f\u00e1cil incorporaci\u00f3n en poliolefinas. La serie GloPrill\u00ae GPF son los primeros colorantes que cumplen con la FDA para su uso en PP y HDPE, lo que los hace ideales para aplicaciones en envases y productos para el consumo.<\/p>\n<p>En Ecuador, los GloPrill\u2122 ofrecen una soluci\u00f3n innovadora y certificada para el mercado local, asegurando productos de alta calidad y cumplimiento con las normativas internacional.<\/p>\n","protected":false},"featured_media":4786,"comment_status":"closed","ping_status":"closed","template":"","meta":{"site-sidebar-layout":"default","site-content-layout":"","ast-site-content-layout":"default","site-content-style":"default","site-sidebar-style":"default","ast-global-header-display":"","ast-banner-title-visibility":"","ast-main-header-display":"","ast-hfb-above-header-display":"","ast-hfb-below-header-display":"","ast-hfb-mobile-header-display":"","site-post-title":"","ast-breadcrumbs-content":"","ast-featured-img":"","footer-sml-layout":"","ast-disable-related-posts":"","theme-transparent-header-meta":"default","adv-header-id-meta":"","stick-header-meta":"","header-above-stick-meta":"","header-main-stick-meta":"","header-below-stick-meta":"","astra-migrate-meta-layouts":"set","ast-page-background-enabled":"default","ast-page-background-meta":{"desktop":{"background-color":"var(--ast-global-color-4)","background-image":"","background-repeat":"repeat","background-position":"center center","background-size":"auto","background-attachment":"scroll","background-type":"","background-media":"","overlay-type":"","overlay-color":"","overlay-opacity":"","overlay-gradient":""},"tablet":{"background-color":"","background-image":"","background-repeat":"repeat","background-position":"center center","background-size":"auto","background-attachment":"scroll","background-type":"","background-media":"","overlay-type":"","overlay-color":"","overlay-opacity":"","overlay-gradient":""},"mobile":{"background-color":"","background-image":"","background-repeat":"repeat","background-position":"center center","background-size":"auto","background-attachment":"scroll","background-type":"","background-media":"","overlay-type":"","overlay-color":"","overlay-opacity":"","overlay-gradient":""}},"ast-content-background-meta":{"desktop":{"background-color":"var(--ast-global-color-5)","background-image":"","background-repeat":"repeat","background-position":"center center","background-size":"auto","background-attachment":"scroll","background-type":"","background-media":"","overlay-type":"","overlay-color":"","overlay-opacity":"","overlay-gradient":""},"tablet":{"background-color":"var(--ast-global-color-5)","background-image":"","background-repeat":"repeat","background-position":"center center","background-size":"auto","background-attachment":"scroll","background-type":"","background-media":"","overlay-type":"","overlay-color":"","overlay-opacity":"","overlay-gradient":""},"mobile":{"background-color":"var(--ast-global-color-5)","background-image":"","background-repeat":"repeat","background-position":"center center","background-size":"auto","background-attachment":"scroll","background-type":"","background-media":"","overlay-type":"","overlay-color":"","overlay-opacity":"","overlay-gradient":""}},"_joinchat":[]},"product_brand":[],"product_cat":[90],"product_tag":[],"class_list":{"0":"post-5522","1":"product","2":"type-product","3":"status-publish","4":"has-post-thumbnail","6":"product_cat-pigmentos","7":"desktop-align-left","8":"tablet-align-left","9":"mobile-align-left","10":"ast-product-gallery-layout-horizontal-slider","11":"ast-product-gallery-with-no-image","12":"ast-product-tabs-layout-horizontal","14":"first","15":"instock","16":"shipping-taxable","17":"product-type-simple"},"_links":{"self":[{"href":"https:\/\/grupoalmatia.com\/es-ec\/wp-json\/wp\/v2\/product\/5522","targetHints":{"allow":["GET"]}}],"collection":[{"href":"https:\/\/grupoalmatia.com\/es-ec\/wp-json\/wp\/v2\/product"}],"about":[{"href":"https:\/\/grupoalmatia.com\/es-ec\/wp-json\/wp\/v2\/types\/product"}],"replies":[{"embeddable":true,"href":"https:\/\/grupoalmatia.com\/es-ec\/wp-json\/wp\/v2\/comments?post=5522"}],"version-history":[{"count":1,"href":"https:\/\/grupoalmatia.com\/es-ec\/wp-json\/wp\/v2\/product\/5522\/revisions"}],"predecessor-version":[{"id":5523,"href":"https:\/\/grupoalmatia.com\/es-ec\/wp-json\/wp\/v2\/product\/5522\/revisions\/5523"}],"wp:featuredmedia":[{"embeddable":true,"href":"https:\/\/grupoalmatia.com\/es-ec\/wp-json\/wp\/v2\/media\/4786"}],"wp:attachment":[{"href":"https:\/\/grupoalmatia.com\/es-ec\/wp-json\/wp\/v2\/media?parent=5522"}],"wp:term":[{"taxonomy":"product_brand","embeddable":true,"href":"https:\/\/grupoalmatia.com\/es-ec\/wp-json\/wp\/v2\/product_brand?post=5522"},{"taxonomy":"product_cat","embeddable":true,"href":"https:\/\/grupoalmatia.com\/es-ec\/wp-json\/wp\/v2\/product_cat?post=5522"},{"taxonomy":"product_tag","embeddable":true,"href":"https:\/\/grupoalmatia.com\/es-ec\/wp-json\/wp\/v2\/product_tag?post=5522"}],"curies":[{"name":"wp","href":"https:\/\/api.w.org\/{rel}","templated":true}]}}