{"id":5515,"date":"2024-07-29T20:05:37","date_gmt":"2024-07-30T01:05:37","guid":{"rendered":"https:\/\/grupoalmatia.com\/producto\/sin%20categor\u00eda\/masterbatches-funcionales-altamente-concentrados-para-pet-r-pet-pet-g-pla-y-otros\/"},"modified":"2025-06-12T13:11:29","modified_gmt":"2025-06-12T18:11:29","slug":"masterbatches-funcionales-altamente-concentrados-para-pet-r-pet-pet-g-pla-y-otros","status":"publish","type":"product","link":"https:\/\/grupoalmatia.com\/es-ec\/producto\/sector-plasticos\/aditivos\/masterbatches-funcionales-altamente-concentrados-para-pet-r-pet-pet-g-pla-y-otros\/","title":{"rendered":"Masterbatches funcionales altamente concentrados para PET, r-PET, PET-G, PLA y otros"},"content":{"rendered":"","protected":false},"excerpt":{"rendered":"<p>Ofrecemos aditivos en forma de Masterbatches de baja dosificaci\u00f3n para mejorar el rendimiento, aumentar la productividad y permitir un mayor contenido de material reciclado, ideales para PET, r-PET, PET-G, PLA y otros materiales. Los aditivos de Sukano permiten mejorar las propiedades de materias primas recicladas, contribuyendo a la econom\u00eda circular y la sostenibilidad en Ecuador.<\/p>\n<p>SUKANO\u00ae Masterbatches, SUKANO\u00ae Compounds y SUKANO\u00ae Blends incluyen aditivos innovadores como:<\/p>\n<ul>\n<li>Agentes mate \/ opacantes<\/li>\n<li>Modificadores de impacto<\/li>\n<li>Masterbatches antimicrobianos<\/li>\n<li>Masterbatches difusores de luz y<\/li>\n<li>Masterbatches estabilizadores UV<\/li>\n<\/ul>\n<h2>Masterbatches para aumentar la productividad<\/h2>\n<ul>\n<li>Masterbatches agentes nucleantes<\/li>\n<li>Masterbatches ayudantes de proceso<\/li>\n<li>Masterbatches desmoldantes<\/li>\n<li>Masterbatches slip\/antibloqueo<\/li>\n<li>Masterbatches para ayudar al troquelado y recorte de l\u00e1minas extruidas<\/li>\n<\/ul>\n<h2>Masterbatches para aumentar el contenido de reciclado<\/h2>\n<ul>\n<li>Masterbatches potenciadores de fusi\u00f3n<\/li>\n<li>Masterbatches abrillantadores \u00f3pticos<\/li>\n<li>Masterbatches modificadores de impacto<\/li>\n<\/ul>\n<p>En Ecuador, estos masterbatches funcionales son la soluci\u00f3n perfecta para mejorar el rendimiento y la sostenibilidad de productos pl\u00e1sticos reciclados, optimizando tanto la producci\u00f3n como la calidad del producto final.<\/p>\n<p><a href=\"https:\/\/grupoalmatia.com\/es-ec\/empresas-ec\/sukano\/\"><img fetchpriority=\"high\" decoding=\"async\" class=\"size-medium wp-image-392 alignleft\" src=\"https:\/\/grupoalmatia.com\/wp-content\/uploads\/2024\/07\/logo-sukanogrupo-almatia-300x300.png\" alt=\"Sukano es una empresa l\u00edder mundial representada por Grupo Almatia\" width=\"300\" height=\"300\" srcset=\"https:\/\/grupoalmatia.com\/wp-content\/uploads\/2024\/07\/logo-sukanogrupo-almatia-300x300.png 300w, https:\/\/grupoalmatia.com\/wp-content\/uploads\/2024\/07\/logo-sukanogrupo-almatia-100x100.png 100w, https:\/\/grupoalmatia.com\/wp-content\/uploads\/2024\/07\/logo-sukanogrupo-almatia-600x600.png 600w, https:\/\/grupoalmatia.com\/wp-content\/uploads\/2024\/07\/logo-sukanogrupo-almatia-150x150.png 150w, https:\/\/grupoalmatia.com\/wp-content\/uploads\/2024\/07\/logo-sukanogrupo-almatia-768x768.png 768w, https:\/\/grupoalmatia.com\/wp-content\/uploads\/2024\/07\/logo-sukanogrupo-almatia.png 900w\" sizes=\"(max-width: 300px) 100vw, 300px\" \/><\/a><\/p>\n","protected":false},"featured_media":4774,"comment_status":"closed","ping_status":"closed","template":"","meta":{"site-sidebar-layout":"default","site-content-layout":"","ast-site-content-layout":"default","site-content-style":"default","site-sidebar-style":"default","ast-global-header-display":"","ast-banner-title-visibility":"","ast-main-header-display":"","ast-hfb-above-header-display":"","ast-hfb-below-header-display":"","ast-hfb-mobile-header-display":"","site-post-title":"","ast-breadcrumbs-content":"","ast-featured-img":"","footer-sml-layout":"","ast-disable-related-posts":"","theme-transparent-header-meta":"default","adv-header-id-meta":"","stick-header-meta":"","header-above-stick-meta":"","header-main-stick-meta":"","header-below-stick-meta":"","astra-migrate-meta-layouts":"set","ast-page-background-enabled":"default","ast-page-background-meta":{"desktop":{"background-color":"var(--ast-global-color-4)","background-image":"","background-repeat":"repeat","background-position":"center center","background-size":"auto","background-attachment":"scroll","background-type":"","background-media":"","overlay-type":"","overlay-color":"","overlay-opacity":"","overlay-gradient":""},"tablet":{"background-color":"","background-image":"","background-repeat":"repeat","background-position":"center center","background-size":"auto","background-attachment":"scroll","background-type":"","background-media":"","overlay-type":"","overlay-color":"","overlay-opacity":"","overlay-gradient":""},"mobile":{"background-color":"","background-image":"","background-repeat":"repeat","background-position":"center center","background-size":"auto","background-attachment":"scroll","background-type":"","background-media":"","overlay-type":"","overlay-color":"","overlay-opacity":"","overlay-gradient":""}},"ast-content-background-meta":{"desktop":{"background-color":"var(--ast-global-color-5)","background-image":"","background-repeat":"repeat","background-position":"center center","background-size":"auto","background-attachment":"scroll","background-type":"","background-media":"","overlay-type":"","overlay-color":"","overlay-opacity":"","overlay-gradient":""},"tablet":{"background-color":"var(--ast-global-color-5)","background-image":"","background-repeat":"repeat","background-position":"center center","background-size":"auto","background-attachment":"scroll","background-type":"","background-media":"","overlay-type":"","overlay-color":"","overlay-opacity":"","overlay-gradient":""},"mobile":{"background-color":"var(--ast-global-color-5)","background-image":"","background-repeat":"repeat","background-position":"center center","background-size":"auto","background-attachment":"scroll","background-type":"","background-media":"","overlay-type":"","overlay-color":"","overlay-opacity":"","overlay-gradient":""}},"_joinchat":[]},"product_brand":[],"product_cat":[94],"product_tag":[],"class_list":{"0":"post-5515","1":"product","2":"type-product","3":"status-publish","4":"has-post-thumbnail","6":"product_cat-aditivos","7":"desktop-align-left","8":"tablet-align-left","9":"mobile-align-left","10":"ast-product-gallery-layout-horizontal-slider","11":"ast-product-tabs-layout-horizontal","13":"first","14":"instock","15":"shipping-taxable","16":"product-type-simple"},"_links":{"self":[{"href":"https:\/\/grupoalmatia.com\/es-ec\/wp-json\/wp\/v2\/product\/5515","targetHints":{"allow":["GET"]}}],"collection":[{"href":"https:\/\/grupoalmatia.com\/es-ec\/wp-json\/wp\/v2\/product"}],"about":[{"href":"https:\/\/grupoalmatia.com\/es-ec\/wp-json\/wp\/v2\/types\/product"}],"replies":[{"embeddable":true,"href":"https:\/\/grupoalmatia.com\/es-ec\/wp-json\/wp\/v2\/comments?post=5515"}],"version-history":[{"count":2,"href":"https:\/\/grupoalmatia.com\/es-ec\/wp-json\/wp\/v2\/product\/5515\/revisions"}],"predecessor-version":[{"id":5517,"href":"https:\/\/grupoalmatia.com\/es-ec\/wp-json\/wp\/v2\/product\/5515\/revisions\/5517"}],"wp:featuredmedia":[{"embeddable":true,"href":"https:\/\/grupoalmatia.com\/es-ec\/wp-json\/wp\/v2\/media\/4774"}],"wp:attachment":[{"href":"https:\/\/grupoalmatia.com\/es-ec\/wp-json\/wp\/v2\/media?parent=5515"}],"wp:term":[{"taxonomy":"product_brand","embeddable":true,"href":"https:\/\/grupoalmatia.com\/es-ec\/wp-json\/wp\/v2\/product_brand?post=5515"},{"taxonomy":"product_cat","embeddable":true,"href":"https:\/\/grupoalmatia.com\/es-ec\/wp-json\/wp\/v2\/product_cat?post=5515"},{"taxonomy":"product_tag","embeddable":true,"href":"https:\/\/grupoalmatia.com\/es-ec\/wp-json\/wp\/v2\/product_tag?post=5515"}],"curies":[{"name":"wp","href":"https:\/\/api.w.org\/{rel}","templated":true}]}}