{"id":5500,"date":"2024-07-29T20:07:02","date_gmt":"2024-07-30T01:07:02","guid":{"rendered":"https:\/\/grupoalmatia.com\/producto\/sin%20categor\u00eda\/resina-emulsificante-polisacarida-serie-lprt\/"},"modified":"2025-06-12T12:15:35","modified_gmt":"2025-06-12T17:15:35","slug":"resina-emulsificante-polisacarida-serie-lprt","status":"publish","type":"product","link":"https:\/\/grupoalmatia.com\/es-ec\/producto\/pinturas-y-recubrimientos\/resinas\/resina-emulsificante-polisacarida-serie-lprt\/","title":{"rendered":"Resina emulsificante polisac\u00e1rida serie LPRT"},"content":{"rendered":"","protected":false},"excerpt":{"rendered":"<p>La resina LPRT de Lorama (Lorama Polysaccharide Resin Technology \u2013 LPRT) est\u00e1 dise\u00f1ada para reducir el costo de los esmaltes, primers y tintes alqu\u00eddicos a base de solventes, manteniendo la calidad de la pintura original. Adem\u00e1s de ofrecer ahorros significativos en costos, LPRT proporciona a los fabricantes de esmaltes alqu\u00eddicos a base de solvente, pinturas y tintas, la oportunidad de incorporar agua en su formulaci\u00f3n y cumplir con las legislaciones ambientales.<\/p>\n<p>En Ecuador, esta resina ofrece una soluci\u00f3n eficiente para la industria de recubrimientos, permitiendo a los fabricantes adaptar sus productos a las normativas locales y mejorar la sostenibilidad de sus procesos.<\/p>\n<p><a href=\"https:\/\/grupoalmatia.com\/es-ec\/empresas-ec\/lorama-group\/\"><img fetchpriority=\"high\" decoding=\"async\" class=\"size-medium wp-image-377 alignleft\" src=\"https:\/\/grupoalmatia.com\/wp-content\/uploads\/2024\/07\/logo-lorama-grupo-almatia-300x300.png\" alt=\"Lorama Group empresa representada por Grupo Almatia\" width=\"300\" height=\"300\" srcset=\"https:\/\/grupoalmatia.com\/wp-content\/uploads\/2024\/07\/logo-lorama-grupo-almatia-300x300.png 300w, https:\/\/grupoalmatia.com\/wp-content\/uploads\/2024\/07\/logo-lorama-grupo-almatia-100x100.png 100w, https:\/\/grupoalmatia.com\/wp-content\/uploads\/2024\/07\/logo-lorama-grupo-almatia-150x150.png 150w, https:\/\/grupoalmatia.com\/wp-content\/uploads\/2024\/07\/logo-lorama-grupo-almatia.png 450w\" sizes=\"(max-width: 300px) 100vw, 300px\" \/><\/a><\/p>\n","protected":false},"featured_media":4838,"comment_status":"closed","ping_status":"closed","template":"","meta":{"site-sidebar-layout":"default","site-content-layout":"","ast-site-content-layout":"default","site-content-style":"default","site-sidebar-style":"default","ast-global-header-display":"","ast-banner-title-visibility":"","ast-main-header-display":"","ast-hfb-above-header-display":"","ast-hfb-below-header-display":"","ast-hfb-mobile-header-display":"","site-post-title":"","ast-breadcrumbs-content":"","ast-featured-img":"","footer-sml-layout":"","ast-disable-related-posts":"","theme-transparent-header-meta":"default","adv-header-id-meta":"","stick-header-meta":"","header-above-stick-meta":"","header-main-stick-meta":"","header-below-stick-meta":"","astra-migrate-meta-layouts":"set","ast-page-background-enabled":"default","ast-page-background-meta":{"desktop":{"background-color":"var(--ast-global-color-4)","background-image":"","background-repeat":"repeat","background-position":"center center","background-size":"auto","background-attachment":"scroll","background-type":"","background-media":"","overlay-type":"","overlay-color":"","overlay-opacity":"","overlay-gradient":""},"tablet":{"background-color":"","background-image":"","background-repeat":"repeat","background-position":"center center","background-size":"auto","background-attachment":"scroll","background-type":"","background-media":"","overlay-type":"","overlay-color":"","overlay-opacity":"","overlay-gradient":""},"mobile":{"background-color":"","background-image":"","background-repeat":"repeat","background-position":"center center","background-size":"auto","background-attachment":"scroll","background-type":"","background-media":"","overlay-type":"","overlay-color":"","overlay-opacity":"","overlay-gradient":""}},"ast-content-background-meta":{"desktop":{"background-color":"var(--ast-global-color-5)","background-image":"","background-repeat":"repeat","background-position":"center center","background-size":"auto","background-attachment":"scroll","background-type":"","background-media":"","overlay-type":"","overlay-color":"","overlay-opacity":"","overlay-gradient":""},"tablet":{"background-color":"var(--ast-global-color-5)","background-image":"","background-repeat":"repeat","background-position":"center center","background-size":"auto","background-attachment":"scroll","background-type":"","background-media":"","overlay-type":"","overlay-color":"","overlay-opacity":"","overlay-gradient":""},"mobile":{"background-color":"var(--ast-global-color-5)","background-image":"","background-repeat":"repeat","background-position":"center center","background-size":"auto","background-attachment":"scroll","background-type":"","background-media":"","overlay-type":"","overlay-color":"","overlay-opacity":"","overlay-gradient":""}},"_joinchat":[]},"product_brand":[],"product_cat":[93],"product_tag":[],"class_list":{"0":"post-5500","1":"product","2":"type-product","3":"status-publish","4":"has-post-thumbnail","6":"product_cat-resinas","7":"desktop-align-left","8":"tablet-align-left","9":"mobile-align-left","10":"ast-product-gallery-layout-horizontal-slider","11":"ast-product-gallery-with-no-image","12":"ast-product-tabs-layout-horizontal","14":"first","15":"instock","16":"shipping-taxable","17":"product-type-simple"},"_links":{"self":[{"href":"https:\/\/grupoalmatia.com\/es-ec\/wp-json\/wp\/v2\/product\/5500","targetHints":{"allow":["GET"]}}],"collection":[{"href":"https:\/\/grupoalmatia.com\/es-ec\/wp-json\/wp\/v2\/product"}],"about":[{"href":"https:\/\/grupoalmatia.com\/es-ec\/wp-json\/wp\/v2\/types\/product"}],"replies":[{"embeddable":true,"href":"https:\/\/grupoalmatia.com\/es-ec\/wp-json\/wp\/v2\/comments?post=5500"}],"version-history":[{"count":2,"href":"https:\/\/grupoalmatia.com\/es-ec\/wp-json\/wp\/v2\/product\/5500\/revisions"}],"predecessor-version":[{"id":5502,"href":"https:\/\/grupoalmatia.com\/es-ec\/wp-json\/wp\/v2\/product\/5500\/revisions\/5502"}],"wp:featuredmedia":[{"embeddable":true,"href":"https:\/\/grupoalmatia.com\/es-ec\/wp-json\/wp\/v2\/media\/4838"}],"wp:attachment":[{"href":"https:\/\/grupoalmatia.com\/es-ec\/wp-json\/wp\/v2\/media?parent=5500"}],"wp:term":[{"taxonomy":"product_brand","embeddable":true,"href":"https:\/\/grupoalmatia.com\/es-ec\/wp-json\/wp\/v2\/product_brand?post=5500"},{"taxonomy":"product_cat","embeddable":true,"href":"https:\/\/grupoalmatia.com\/es-ec\/wp-json\/wp\/v2\/product_cat?post=5500"},{"taxonomy":"product_tag","embeddable":true,"href":"https:\/\/grupoalmatia.com\/es-ec\/wp-json\/wp\/v2\/product_tag?post=5500"}],"curies":[{"name":"wp","href":"https:\/\/api.w.org\/{rel}","templated":true}]}}