{"id":5494,"date":"2024-07-29T20:07:45","date_gmt":"2024-07-30T01:07:45","guid":{"rendered":"https:\/\/grupoalmatia.com\/producto\/sin%20categor\u00eda\/pigmentos-organicos-libres-de-metales-pesados\/"},"modified":"2025-06-12T11:57:52","modified_gmt":"2025-06-12T16:57:52","slug":"pigmentos-organicos-libres-de-metales-pesados","status":"publish","type":"product","link":"https:\/\/grupoalmatia.com\/es-ec\/producto\/pinturas-y-recubrimientos\/productos-sostenibles-pinturas\/pigmentos-organicos-libres-de-metales-pesados\/","title":{"rendered":"Pigmentos org\u00e1nicos libres de metales pesados"},"content":{"rendered":"","protected":false},"excerpt":{"rendered":"<p>Los pigmentos org\u00e1nicos rojos, naranjas y amarillos, producidos por CINIC, son utilizados en reemplazo de pigmentos inorg\u00e1nicos con contenido de metales pesados como el cadmio, molibdeno y cromo, declarados nocivos para la salud humana. Para aplicaciones en la industria pl\u00e1stica y de pinturas y recubrimientos, esta gama se caracteriza por la elevada saturaci\u00f3n e intensidad de color (high chroma) y una alta opacidad, junto con una excelente solidez a la intemperie y a la luz.<\/p>\n<p>En Ecuador, ofrecemos estos pigmentos org\u00e1nicos como una opci\u00f3n segura y eficiente para diversas aplicaciones, tanto en grados opacos como transparentes, adapt\u00e1ndose a la mayor\u00eda de las qu\u00edmicas de la gama.<\/p>\n","protected":false},"featured_media":4872,"comment_status":"closed","ping_status":"closed","template":"","meta":{"site-sidebar-layout":"default","site-content-layout":"","ast-site-content-layout":"default","site-content-style":"default","site-sidebar-style":"default","ast-global-header-display":"","ast-banner-title-visibility":"","ast-main-header-display":"","ast-hfb-above-header-display":"","ast-hfb-below-header-display":"","ast-hfb-mobile-header-display":"","site-post-title":"","ast-breadcrumbs-content":"","ast-featured-img":"","footer-sml-layout":"","ast-disable-related-posts":"","theme-transparent-header-meta":"default","adv-header-id-meta":"","stick-header-meta":"","header-above-stick-meta":"","header-main-stick-meta":"","header-below-stick-meta":"","astra-migrate-meta-layouts":"set","ast-page-background-enabled":"default","ast-page-background-meta":{"desktop":{"background-color":"var(--ast-global-color-4)","background-image":"","background-repeat":"repeat","background-position":"center center","background-size":"auto","background-attachment":"scroll","background-type":"","background-media":"","overlay-type":"","overlay-color":"","overlay-opacity":"","overlay-gradient":""},"tablet":{"background-color":"","background-image":"","background-repeat":"repeat","background-position":"center center","background-size":"auto","background-attachment":"scroll","background-type":"","background-media":"","overlay-type":"","overlay-color":"","overlay-opacity":"","overlay-gradient":""},"mobile":{"background-color":"","background-image":"","background-repeat":"repeat","background-position":"center center","background-size":"auto","background-attachment":"scroll","background-type":"","background-media":"","overlay-type":"","overlay-color":"","overlay-opacity":"","overlay-gradient":""}},"ast-content-background-meta":{"desktop":{"background-color":"var(--ast-global-color-5)","background-image":"","background-repeat":"repeat","background-position":"center center","background-size":"auto","background-attachment":"scroll","background-type":"","background-media":"","overlay-type":"","overlay-color":"","overlay-opacity":"","overlay-gradient":""},"tablet":{"background-color":"var(--ast-global-color-5)","background-image":"","background-repeat":"repeat","background-position":"center center","background-size":"auto","background-attachment":"scroll","background-type":"","background-media":"","overlay-type":"","overlay-color":"","overlay-opacity":"","overlay-gradient":""},"mobile":{"background-color":"var(--ast-global-color-5)","background-image":"","background-repeat":"repeat","background-position":"center center","background-size":"auto","background-attachment":"scroll","background-type":"","background-media":"","overlay-type":"","overlay-color":"","overlay-opacity":"","overlay-gradient":""}},"_joinchat":[]},"product_brand":[],"product_cat":[92],"product_tag":[],"class_list":{"0":"post-5494","1":"product","2":"type-product","3":"status-publish","4":"has-post-thumbnail","6":"product_cat-productos-sostenibles-pinturas","7":"desktop-align-left","8":"tablet-align-left","9":"mobile-align-left","10":"ast-product-gallery-layout-horizontal-slider","11":"ast-product-gallery-with-no-image","12":"ast-product-tabs-layout-horizontal","14":"first","15":"instock","16":"shipping-taxable","17":"product-type-simple"},"_links":{"self":[{"href":"https:\/\/grupoalmatia.com\/es-ec\/wp-json\/wp\/v2\/product\/5494","targetHints":{"allow":["GET"]}}],"collection":[{"href":"https:\/\/grupoalmatia.com\/es-ec\/wp-json\/wp\/v2\/product"}],"about":[{"href":"https:\/\/grupoalmatia.com\/es-ec\/wp-json\/wp\/v2\/types\/product"}],"replies":[{"embeddable":true,"href":"https:\/\/grupoalmatia.com\/es-ec\/wp-json\/wp\/v2\/comments?post=5494"}],"version-history":[{"count":1,"href":"https:\/\/grupoalmatia.com\/es-ec\/wp-json\/wp\/v2\/product\/5494\/revisions"}],"predecessor-version":[{"id":5495,"href":"https:\/\/grupoalmatia.com\/es-ec\/wp-json\/wp\/v2\/product\/5494\/revisions\/5495"}],"wp:featuredmedia":[{"embeddable":true,"href":"https:\/\/grupoalmatia.com\/es-ec\/wp-json\/wp\/v2\/media\/4872"}],"wp:attachment":[{"href":"https:\/\/grupoalmatia.com\/es-ec\/wp-json\/wp\/v2\/media?parent=5494"}],"wp:term":[{"taxonomy":"product_brand","embeddable":true,"href":"https:\/\/grupoalmatia.com\/es-ec\/wp-json\/wp\/v2\/product_brand?post=5494"},{"taxonomy":"product_cat","embeddable":true,"href":"https:\/\/grupoalmatia.com\/es-ec\/wp-json\/wp\/v2\/product_cat?post=5494"},{"taxonomy":"product_tag","embeddable":true,"href":"https:\/\/grupoalmatia.com\/es-ec\/wp-json\/wp\/v2\/product_tag?post=5494"}],"curies":[{"name":"wp","href":"https:\/\/api.w.org\/{rel}","templated":true}]}}