{"id":5437,"date":"2024-07-29T20:07:45","date_gmt":"2024-07-30T01:07:45","guid":{"rendered":"https:\/\/grupoalmatia.com\/producto\/sin%20categor\u00eda\/caolines-calcinados\/"},"modified":"2025-06-11T21:17:41","modified_gmt":"2025-06-12T02:17:41","slug":"caolines-calcinados","status":"publish","type":"product","link":"https:\/\/grupoalmatia.com\/es-ec\/producto\/pinturas-y-recubrimientos\/extendedores-de-titanio-y-cargas\/caolines-calcinados\/","title":{"rendered":"Caolines calcinados"},"content":{"rendered":"","protected":false},"excerpt":{"rendered":"<p>El caol\u00edn satintone\u00ae se utiliza ampliamente como extensor en pinturas satinadas, ya que proporciona un alto grado de opacidad y fuerza de tinte. Su alto brillo da como resultado pinturas y bases m\u00e1s blancas, lo que permite obtener colores m\u00e1s limpios y vibrantes. Adem\u00e1s, provee excelentes propiedades \u00f3pticas para la extensi\u00f3n del di\u00f3xido de titanio en compuestos de caucho y pl\u00e1stico.<\/p>\n<p>En Ecuador, el caol\u00edn satintone\u00ae es ideal para aplicaciones en las que se requiere alta resistencia al impacto, especialmente cuando se combina con pl\u00e1sticos de ingenier\u00eda, mejorando la durabilidad y desempe\u00f1o de los productos finales. Su versatilidad y propiedades mejoran la calidad y estabilidad de recubrimientos, cauchos y pl\u00e1sticos, adapt\u00e1ndose a diversas exigencias del mercado local.<\/p>\n","protected":false},"featured_media":4869,"comment_status":"closed","ping_status":"closed","template":"","meta":{"site-sidebar-layout":"default","site-content-layout":"","ast-site-content-layout":"default","site-content-style":"default","site-sidebar-style":"default","ast-global-header-display":"","ast-banner-title-visibility":"","ast-main-header-display":"","ast-hfb-above-header-display":"","ast-hfb-below-header-display":"","ast-hfb-mobile-header-display":"","site-post-title":"","ast-breadcrumbs-content":"","ast-featured-img":"","footer-sml-layout":"","ast-disable-related-posts":"","theme-transparent-header-meta":"default","adv-header-id-meta":"","stick-header-meta":"","header-above-stick-meta":"","header-main-stick-meta":"","header-below-stick-meta":"","astra-migrate-meta-layouts":"set","ast-page-background-enabled":"default","ast-page-background-meta":{"desktop":{"background-color":"var(--ast-global-color-4)","background-image":"","background-repeat":"repeat","background-position":"center center","background-size":"auto","background-attachment":"scroll","background-type":"","background-media":"","overlay-type":"","overlay-color":"","overlay-opacity":"","overlay-gradient":""},"tablet":{"background-color":"","background-image":"","background-repeat":"repeat","background-position":"center center","background-size":"auto","background-attachment":"scroll","background-type":"","background-media":"","overlay-type":"","overlay-color":"","overlay-opacity":"","overlay-gradient":""},"mobile":{"background-color":"","background-image":"","background-repeat":"repeat","background-position":"center center","background-size":"auto","background-attachment":"scroll","background-type":"","background-media":"","overlay-type":"","overlay-color":"","overlay-opacity":"","overlay-gradient":""}},"ast-content-background-meta":{"desktop":{"background-color":"var(--ast-global-color-5)","background-image":"","background-repeat":"repeat","background-position":"center center","background-size":"auto","background-attachment":"scroll","background-type":"","background-media":"","overlay-type":"","overlay-color":"","overlay-opacity":"","overlay-gradient":""},"tablet":{"background-color":"var(--ast-global-color-5)","background-image":"","background-repeat":"repeat","background-position":"center center","background-size":"auto","background-attachment":"scroll","background-type":"","background-media":"","overlay-type":"","overlay-color":"","overlay-opacity":"","overlay-gradient":""},"mobile":{"background-color":"var(--ast-global-color-5)","background-image":"","background-repeat":"repeat","background-position":"center center","background-size":"auto","background-attachment":"scroll","background-type":"","background-media":"","overlay-type":"","overlay-color":"","overlay-opacity":"","overlay-gradient":""}},"_joinchat":[]},"product_brand":[],"product_cat":[88],"product_tag":[],"class_list":{"0":"post-5437","1":"product","2":"type-product","3":"status-publish","4":"has-post-thumbnail","6":"product_cat-extendedores-de-titanio-y-cargas","7":"desktop-align-left","8":"tablet-align-left","9":"mobile-align-left","10":"ast-product-gallery-layout-horizontal-slider","11":"ast-product-gallery-with-no-image","12":"ast-product-tabs-layout-horizontal","14":"first","15":"instock","16":"shipping-taxable","17":"product-type-simple"},"_links":{"self":[{"href":"https:\/\/grupoalmatia.com\/es-ec\/wp-json\/wp\/v2\/product\/5437","targetHints":{"allow":["GET"]}}],"collection":[{"href":"https:\/\/grupoalmatia.com\/es-ec\/wp-json\/wp\/v2\/product"}],"about":[{"href":"https:\/\/grupoalmatia.com\/es-ec\/wp-json\/wp\/v2\/types\/product"}],"replies":[{"embeddable":true,"href":"https:\/\/grupoalmatia.com\/es-ec\/wp-json\/wp\/v2\/comments?post=5437"}],"version-history":[{"count":2,"href":"https:\/\/grupoalmatia.com\/es-ec\/wp-json\/wp\/v2\/product\/5437\/revisions"}],"predecessor-version":[{"id":5439,"href":"https:\/\/grupoalmatia.com\/es-ec\/wp-json\/wp\/v2\/product\/5437\/revisions\/5439"}],"wp:featuredmedia":[{"embeddable":true,"href":"https:\/\/grupoalmatia.com\/es-ec\/wp-json\/wp\/v2\/media\/4869"}],"wp:attachment":[{"href":"https:\/\/grupoalmatia.com\/es-ec\/wp-json\/wp\/v2\/media?parent=5437"}],"wp:term":[{"taxonomy":"product_brand","embeddable":true,"href":"https:\/\/grupoalmatia.com\/es-ec\/wp-json\/wp\/v2\/product_brand?post=5437"},{"taxonomy":"product_cat","embeddable":true,"href":"https:\/\/grupoalmatia.com\/es-ec\/wp-json\/wp\/v2\/product_cat?post=5437"},{"taxonomy":"product_tag","embeddable":true,"href":"https:\/\/grupoalmatia.com\/es-ec\/wp-json\/wp\/v2\/product_tag?post=5437"}],"curies":[{"name":"wp","href":"https:\/\/api.w.org\/{rel}","templated":true}]}}