{"id":5431,"date":"2024-07-29T20:07:45","date_gmt":"2024-07-30T01:07:45","guid":{"rendered":"https:\/\/grupoalmatia.com\/producto\/sin%20categor\u00eda\/estabilizadores-y-ajustadores-de-ph\/"},"modified":"2025-06-11T17:08:20","modified_gmt":"2025-06-11T22:08:20","slug":"estabilizadores-y-ajustadores-de-ph","status":"publish","type":"product","link":"https:\/\/grupoalmatia.com\/es-ec\/producto\/pinturas-y-recubrimientos\/aditivos-pinturas-y-recubrimientos\/estabilizadores-y-ajustadores-de-ph\/","title":{"rendered":"Estabilizadores y ajustadores de pH"},"content":{"rendered":"","protected":false},"excerpt":{"rendered":"<h2>Estabilizadores y ajustadores de ph<\/h2>\n<p>Aditivos para control, modificaci\u00f3n y estabilizaci\u00f3n de ph en pinturas y revestimientos base agua. Dentro de los cuales se encuentran aminas estabilizadas, aminas altamente estabilizadas y aditivos cero VOC.<\/p>\n<p>Estos aditivos son ideales para mejorar la estabilidad y el desempe\u00f1o de productos a base de agua, asegurando que el pH se mantenga en niveles \u00f3ptimos durante todo el proceso de fabricaci\u00f3n y aplicaci\u00f3n. En el mercado ecuatoriano, donde las condiciones ambientales pueden afectar la estabilidad de los recubrimientos, los estabilizadores y ajustadores de ph garantizan una mayor consistencia en la calidad y protecci\u00f3n de las pinturas y revestimientos.<\/p>\n<p>Los aditivos cero VOC son especialmente relevantes en un contexto donde las regulaciones ambientales est\u00e1n evolucionando, ya que contribuyen a la sostenibilidad y el cumplimiento de normativas locales e internacionales para reducir las emisiones de compuestos org\u00e1nicos vol\u00e1tiles.<\/p>\n<p><a href=\"https:\/\/grupoalmatia.com\/es-ec\/empresas-ec\/lorama-group\/\"><img fetchpriority=\"high\" decoding=\"async\" class=\"size-medium wp-image-377 alignleft\" src=\"https:\/\/grupoalmatia.com\/wp-content\/uploads\/2024\/07\/logo-lorama-grupo-almatia-300x300.png\" alt=\"Lorama Group empresa representada por Grupo Almatia\" width=\"300\" height=\"300\" srcset=\"https:\/\/grupoalmatia.com\/wp-content\/uploads\/2024\/07\/logo-lorama-grupo-almatia-300x300.png 300w, https:\/\/grupoalmatia.com\/wp-content\/uploads\/2024\/07\/logo-lorama-grupo-almatia-100x100.png 100w, https:\/\/grupoalmatia.com\/wp-content\/uploads\/2024\/07\/logo-lorama-grupo-almatia-150x150.png 150w, https:\/\/grupoalmatia.com\/wp-content\/uploads\/2024\/07\/logo-lorama-grupo-almatia.png 450w\" sizes=\"(max-width: 300px) 100vw, 300px\" \/><\/a><\/p>\n","protected":false},"featured_media":4867,"comment_status":"closed","ping_status":"closed","template":"","meta":{"site-sidebar-layout":"default","site-content-layout":"","ast-site-content-layout":"default","site-content-style":"default","site-sidebar-style":"default","ast-global-header-display":"","ast-banner-title-visibility":"","ast-main-header-display":"","ast-hfb-above-header-display":"","ast-hfb-below-header-display":"","ast-hfb-mobile-header-display":"","site-post-title":"","ast-breadcrumbs-content":"","ast-featured-img":"","footer-sml-layout":"","ast-disable-related-posts":"","theme-transparent-header-meta":"default","adv-header-id-meta":"","stick-header-meta":"","header-above-stick-meta":"","header-main-stick-meta":"","header-below-stick-meta":"","astra-migrate-meta-layouts":"set","ast-page-background-enabled":"default","ast-page-background-meta":{"desktop":{"background-color":"var(--ast-global-color-4)","background-image":"","background-repeat":"repeat","background-position":"center center","background-size":"auto","background-attachment":"scroll","background-type":"","background-media":"","overlay-type":"","overlay-color":"","overlay-opacity":"","overlay-gradient":""},"tablet":{"background-color":"","background-image":"","background-repeat":"repeat","background-position":"center center","background-size":"auto","background-attachment":"scroll","background-type":"","background-media":"","overlay-type":"","overlay-color":"","overlay-opacity":"","overlay-gradient":""},"mobile":{"background-color":"","background-image":"","background-repeat":"repeat","background-position":"center center","background-size":"auto","background-attachment":"scroll","background-type":"","background-media":"","overlay-type":"","overlay-color":"","overlay-opacity":"","overlay-gradient":""}},"ast-content-background-meta":{"desktop":{"background-color":"var(--ast-global-color-5)","background-image":"","background-repeat":"repeat","background-position":"center center","background-size":"auto","background-attachment":"scroll","background-type":"","background-media":"","overlay-type":"","overlay-color":"","overlay-opacity":"","overlay-gradient":""},"tablet":{"background-color":"var(--ast-global-color-5)","background-image":"","background-repeat":"repeat","background-position":"center center","background-size":"auto","background-attachment":"scroll","background-type":"","background-media":"","overlay-type":"","overlay-color":"","overlay-opacity":"","overlay-gradient":""},"mobile":{"background-color":"var(--ast-global-color-5)","background-image":"","background-repeat":"repeat","background-position":"center center","background-size":"auto","background-attachment":"scroll","background-type":"","background-media":"","overlay-type":"","overlay-color":"","overlay-opacity":"","overlay-gradient":""}},"_joinchat":[]},"product_brand":[],"product_cat":[87],"product_tag":[],"class_list":{"0":"post-5431","1":"product","2":"type-product","3":"status-publish","4":"has-post-thumbnail","6":"product_cat-aditivos-pinturas-y-recubrimientos","7":"desktop-align-left","8":"tablet-align-left","9":"mobile-align-left","10":"ast-product-gallery-layout-horizontal-slider","11":"ast-product-gallery-with-no-image","12":"ast-product-tabs-layout-horizontal","14":"first","15":"instock","16":"shipping-taxable","17":"product-type-simple"},"_links":{"self":[{"href":"https:\/\/grupoalmatia.com\/es-ec\/wp-json\/wp\/v2\/product\/5431","targetHints":{"allow":["GET"]}}],"collection":[{"href":"https:\/\/grupoalmatia.com\/es-ec\/wp-json\/wp\/v2\/product"}],"about":[{"href":"https:\/\/grupoalmatia.com\/es-ec\/wp-json\/wp\/v2\/types\/product"}],"replies":[{"embeddable":true,"href":"https:\/\/grupoalmatia.com\/es-ec\/wp-json\/wp\/v2\/comments?post=5431"}],"version-history":[{"count":2,"href":"https:\/\/grupoalmatia.com\/es-ec\/wp-json\/wp\/v2\/product\/5431\/revisions"}],"predecessor-version":[{"id":5433,"href":"https:\/\/grupoalmatia.com\/es-ec\/wp-json\/wp\/v2\/product\/5431\/revisions\/5433"}],"wp:featuredmedia":[{"embeddable":true,"href":"https:\/\/grupoalmatia.com\/es-ec\/wp-json\/wp\/v2\/media\/4867"}],"wp:attachment":[{"href":"https:\/\/grupoalmatia.com\/es-ec\/wp-json\/wp\/v2\/media?parent=5431"}],"wp:term":[{"taxonomy":"product_brand","embeddable":true,"href":"https:\/\/grupoalmatia.com\/es-ec\/wp-json\/wp\/v2\/product_brand?post=5431"},{"taxonomy":"product_cat","embeddable":true,"href":"https:\/\/grupoalmatia.com\/es-ec\/wp-json\/wp\/v2\/product_cat?post=5431"},{"taxonomy":"product_tag","embeddable":true,"href":"https:\/\/grupoalmatia.com\/es-ec\/wp-json\/wp\/v2\/product_tag?post=5431"}],"curies":[{"name":"wp","href":"https:\/\/api.w.org\/{rel}","templated":true}]}}